{"id":1967,"date":"2025-06-29T10:55:54","date_gmt":"2025-06-29T08:55:54","guid":{"rendered":"https:\/\/www.justcoins.dk\/?post_type=product&#038;p=1967"},"modified":"2025-07-09T21:16:01","modified_gmt":"2025-07-09T19:16:01","slug":"gx-travel-coin-kobber","status":"publish","type":"product","link":"https:\/\/www.justcoins.dk\/en\/product\/gx-travel-coin-kobber\/","title":{"rendered":"Gx Travel Coin &#8220;kobber&#8221;"},"content":{"rendered":"<p>Denne specielle m\u00f8nt er designet og produceret af Coins &#038;amp, Caching. Tanken var, at lave en kombination af en traditionel geocoin og et TB skilt. M\u00f8nten har, for at kunne tilgodese anvendelse som TB skilt, f\u00e5et monteret en k\u00e6de til travelbugs. Det er alts\u00e5 muligt at sende m\u00f8nten afsted som en hver anden geocoin eller bruge den som et helt traditionelt TB skilt.<\/p>\n<p>M\u00f8ntens design er inspireret af det generelle geocaching logo (Gx), den er naturligvis trackable p\u00e5 geocaching.com og resultatet kalder vi en Gx Travel Coin. Det er lykkedes at f\u00e5 m\u00f8nten produceret s\u00e5ledes prisen er p\u00e5 niveau med et TB skilt, hvorfor den kan fungere som et glimrende alternativ til netop TB skiltet eller som en helt almindelig geocoin.<\/p>\n<p>Gx Travel Coinen er produceret i 5 forskellige overfladekvaliteter: &#8220;krom&#8221;, satin &#8220;guld&#8221;, antik &#8220;bronze&#8221;, antik &#8220;kobber&#8221; og sort &#8220;nikkel&#8221;. Desuden findes &#8220;krom&#8221; og sort &#8220;nikkel&#8221; varianterne med epoxy-emaljering i forskellge farver<\/p>\n","protected":false},"excerpt":{"rendered":"<p>Denne specielle m\u00f8nt er designet og produceret af Coins &#038;amp, Caching. Tanken var, at lave en kombination af en traditionel geocoin og et TB skilt. M\u00f8nten har, for at kunne tilgodese anvendelse som TB skilt, f\u00e5et monteret en k\u00e6de til travelbugs. Det er alts\u00e5 muligt at sende m\u00f8nten afsted som en hver anden geocoin eller [&hellip;]<\/p>\n","protected":false},"featured_media":346,"template":"","meta":[],"product_brand":[],"product_cat":[26],"product_tag":[],"class_list":{"0":"post-1967","1":"product","2":"type-product","3":"status-publish","4":"has-post-thumbnail","6":"product_cat-udgaaede-produkter","8":"first","9":"outofstock","10":"taxable","11":"shipping-taxable","12":"product-type-simple"},"tiered_pricing_type":"fixed","tiered_pricing_fixed_rules":[],"tiered_pricing_product_settings":{"layout":"default","base_unit_name":{"singular":null,"plural":null},"default_variation":null},"tiered_pricing_minimum_quantity":null,"tiered_pricing_roles_data":[],"tiered_pricing_percentage_rules":[],"_links":{"self":[{"href":"https:\/\/www.justcoins.dk\/en\/wp-json\/wp\/v2\/product\/1967","targetHints":{"allow":["GET"]}}],"collection":[{"href":"https:\/\/www.justcoins.dk\/en\/wp-json\/wp\/v2\/product"}],"about":[{"href":"https:\/\/www.justcoins.dk\/en\/wp-json\/wp\/v2\/types\/product"}],"wp:featuredmedia":[{"embeddable":true,"href":"https:\/\/www.justcoins.dk\/en\/wp-json\/wp\/v2\/media\/346"}],"wp:attachment":[{"href":"https:\/\/www.justcoins.dk\/en\/wp-json\/wp\/v2\/media?parent=1967"}],"wp:term":[{"taxonomy":"product_brand","embeddable":true,"href":"https:\/\/www.justcoins.dk\/en\/wp-json\/wp\/v2\/product_brand?post=1967"},{"taxonomy":"product_cat","embeddable":true,"href":"https:\/\/www.justcoins.dk\/en\/wp-json\/wp\/v2\/product_cat?post=1967"},{"taxonomy":"product_tag","embeddable":true,"href":"https:\/\/www.justcoins.dk\/en\/wp-json\/wp\/v2\/product_tag?post=1967"}],"curies":[{"name":"wp","href":"https:\/\/api.w.org\/{rel}","templated":true}]}}