{"id":1940,"date":"2025-06-29T10:55:50","date_gmt":"2025-06-29T08:55:50","guid":{"rendered":"https:\/\/www.justcoins.dk\/?post_type=product&#038;p=1940"},"modified":"2025-07-10T08:14:31","modified_gmt":"2025-07-10T06:14:31","slug":"rundetaarn-kobber","status":"publish","type":"product","link":"https:\/\/www.justcoins.dk\/en\/product\/rundetaarn-kobber\/","title":{"rendered":"Rundet\u00e5rn &#8220;kobber&#8221;"},"content":{"rendered":"<p>Denne m\u00f8nt er fremstillet af de 3 k\u00f8benhavnske teams Schuleit, Picht og Elmbaek, i samarbejde med den fremragende amerikanske m\u00f8ntkunstner Crake. Forsiden viser en af de mest kendte og elskede bygninger i K\u00f8benhavn, Rundet\u00e5rn, f\u00e6rdigbygget i 1642 under Christian den Fjerde. De n\u00f8jagtige koordinater p\u00e5 centrum af observatoriet p\u00e5 toppen af t\u00e5rnet st\u00e5r ogs\u00e5 p\u00e5 m\u00f8nten.<\/p>\n<p>Bagsiden er en konstrueret k\u00f8benhavnsk skyline, som viser et udvalg af de mest ber\u00f8mte k\u00f8benhavnske bygninger, nemlig fra venstre mod h\u00f8jre: Marmorkirken, K\u00f8benhavns R\u00e5dhus, Rundet\u00e5rn, B\u00f8rsens dragespir, Vor Frelser Kirkes t\u00e5rn med den enest\u00e5ende udvendige trappe, og Vor Frue Kirke. Der er s\u00e5ledes lagt op til en hel serie m\u00f8nter med denne f\u00e6lles bagside, og de omtalte bygninger p\u00e5 forsiden. Tiden vil vise om s\u00e5danne m\u00f8nter realiseres, men jeg tror det, for det er en fremragende ide.<\/p>\n<p>De tre teams har f\u00f8lgende beskrivelse af m\u00f8nten p\u00e5 deres hjemmeside <a href=\"http:\/\/www.copenhagencoin.dk\">www.copenhagencoin.dk<\/a> (gengivet her med tilladelse):<\/p>\n<p>*************************************************<\/p>\n<p>Rundet\u00e5rn blev bygget af Christian IV i 1642 som astronomisk observatorium, og er mest kendt for dets heliske korridor, som f\u00f8rer til toppen, samt for den spektakul\u00e6re udsigt over K\u00f8benhavn. T\u00e5rnet er 34,8 m h\u00f8jt sneglegangen er 268,5 m lang og har 7,5 omdrejninger inden man n\u00e5r toppen.<\/p>\n<p>\u00d8verst p\u00e5 Rundet\u00e5rns facade findes en forgyldt inskription: en rebus. Christian 4.s egenh\u00e6ndige skitse til den opbevares i Rigsarkivet. Rebussen kan tolkes p\u00e5 denne m\u00e5de:<\/p>\n<p>Den rette l\u00e6re (\u201cDOCTRINAM\u201d) og (\u201cET\u201d) retf\u00e6rdighed (sv\u00e6rdet) l\u00e9d, (\u201cDIRIGE\u201d) Gud, (????, \u201cHWHJ\u201d, konsonantskriften hebraisk som skrives fra h\u00f8jre mod venstre, alts\u00e5 JHWH, med middelalderlige vokaltegn for Adonaj (min Herre) under, i altJehova) ind i (\u201cIN\u201d) hjertet (det r\u00f8de hjerte) p\u00e5 den kronede (kronen) Christian IV (C\u2019et med firtallet i), 1642 (1642 er \u00e5ret for Rundet\u00e5rns fuldendelse). Alts\u00e5: Gud, led den rette l\u00e6re og retf\u00e6rdighed ind i hjertet p\u00e5 den kronede Christian IV.<\/p>\n<p>Den folkelige udl\u00e6gning af rebussen blev:<br \/>Doktoren med kniv dirigerer krimskrams ind i hjertet p\u00e5 Christian 4.<\/p>\n<p>Der kan l\u00e6ses mere om t\u00e5rnet p\u00e5: www.rundetaarn.dk<\/p>\n<p>*************************************************<\/p>\n<p>M\u00f8nten leveres i det s\u00e6dvanlige s\u00e5kaldte \u201cbifold flip\u201d vinyletui med den s\u00e6dvanlige indl\u00e6gsseddel fra Crake Productions, samt en s\u00e6rlig ekstra indl\u00e6gsseddel med f\u00f8lgende tekst p\u00e5 dansk og engelsk:<\/p>\n<p>\u201cRundet\u00e5rn\/The Round Tower<\/p>\n<p>Bygget som astronomisk observatorium i 1642 og er kendt for dets heliske koridor, som f\u00f8rer til toppen smat for den spektakul\u00e6re udsigt over K\u00f8benhavn.\u201d<\/p>\n<p>M\u00f8nten findes i 4 forskellige udgaver, nemlig &#8220;guld&#8221;, &#8220;s\u00f8lv&#8221;, &#8220;bronze&#8221; og &#8220;kobber&#8221;.<\/p>\n","protected":false},"excerpt":{"rendered":"<p>Denne m\u00f8nt er fremstillet af de 3 k\u00f8benhavnske teams Schuleit, Picht og Elmbaek, i samarbejde med den fremragende amerikanske m\u00f8ntkunstner Crake. Forsiden viser en af de mest kendte og elskede bygninger i K\u00f8benhavn, Rundet\u00e5rn, f\u00e6rdigbygget i 1642 under Christian den Fjerde. De n\u00f8jagtige koordinater p\u00e5 centrum af observatoriet p\u00e5 toppen af t\u00e5rnet st\u00e5r ogs\u00e5 p\u00e5 [&hellip;]<\/p>\n","protected":false},"featured_media":290,"template":"","meta":[],"product_brand":[],"product_cat":[26],"product_tag":[],"class_list":{"0":"post-1940","1":"product","2":"type-product","3":"status-publish","4":"has-post-thumbnail","6":"product_cat-udgaaede-produkter","8":"first","9":"outofstock","10":"taxable","11":"shipping-taxable","12":"product-type-simple"},"tiered_pricing_type":"fixed","tiered_pricing_fixed_rules":[],"tiered_pricing_product_settings":{"layout":"default","base_unit_name":{"singular":null,"plural":null},"default_variation":null},"tiered_pricing_minimum_quantity":null,"tiered_pricing_roles_data":[],"tiered_pricing_percentage_rules":[],"_links":{"self":[{"href":"https:\/\/www.justcoins.dk\/en\/wp-json\/wp\/v2\/product\/1940","targetHints":{"allow":["GET"]}}],"collection":[{"href":"https:\/\/www.justcoins.dk\/en\/wp-json\/wp\/v2\/product"}],"about":[{"href":"https:\/\/www.justcoins.dk\/en\/wp-json\/wp\/v2\/types\/product"}],"wp:featuredmedia":[{"embeddable":true,"href":"https:\/\/www.justcoins.dk\/en\/wp-json\/wp\/v2\/media\/290"}],"wp:attachment":[{"href":"https:\/\/www.justcoins.dk\/en\/wp-json\/wp\/v2\/media?parent=1940"}],"wp:term":[{"taxonomy":"product_brand","embeddable":true,"href":"https:\/\/www.justcoins.dk\/en\/wp-json\/wp\/v2\/product_brand?post=1940"},{"taxonomy":"product_cat","embeddable":true,"href":"https:\/\/www.justcoins.dk\/en\/wp-json\/wp\/v2\/product_cat?post=1940"},{"taxonomy":"product_tag","embeddable":true,"href":"https:\/\/www.justcoins.dk\/en\/wp-json\/wp\/v2\/product_tag?post=1940"}],"curies":[{"name":"wp","href":"https:\/\/api.w.org\/{rel}","templated":true}]}}