{"id":3090,"date":"2026-05-07T11:16:01","date_gmt":"2026-05-07T09:16:01","guid":{"rendered":"https:\/\/www.justcoins.dk\/en\/?post_type=product&#038;p=3090"},"modified":"2026-05-16T21:08:51","modified_gmt":"2026-05-16T19:08:51","slug":"nordic-maze-2026-kobber-finish","status":"publish","type":"product","link":"https:\/\/www.justcoins.dk\/de\/product\/nordic-maze-2026-kobber-finish\/","title":{"rendered":"Nordic Maze 2026 (kupfer finish)"},"content":{"rendered":"<p data-start=\"11\" data-end=\"214\">Die Coin besteht aus einem Labyrinth mit einer Kugel. In den umliegenden \u201eBl\u00e4ttern\u201c sind die verschiedenen Cache-Icons abgebildet. Au\u00dferdem sind Signal und Tracker innerhalb des Labyrinths dargestellt.<\/p>\n<p data-start=\"216\" data-end=\"404\">Auf der R\u00fcckseite befinden sich das GPS-Maze-Logo sowie die Flaggen der nordischen L\u00e4nder<br data-start=\"305\" data-end=\"308\" \/>(D\u00e4nemark, Schweden, Norwegen, Finnland, Gr\u00f6nland, die F\u00e4r\u00f6er, Island, \u00c5land und Spitzbergen).<\/p>\n<p data-start=\"406\" data-end=\"486\">Die Coin ist in folgenden Ausf\u00fchrungen erh\u00e4ltlich: Messing, Nickel und Kupfer.<br \/>\nDie Coins sind auf der Website des Events erh\u00e4ltlich.<\/p>\n","protected":false},"excerpt":{"rendered":"<p>Die Coin besteht aus einem Labyrinth mit einer Kugel. In den umliegenden \u201eBl\u00e4ttern\u201c sind die verschiedenen Cache-Icons abgebildet. Au\u00dferdem sind Signal und Tracker innerhalb des Labyrinths dargestellt. Auf der R\u00fcckseite befinden sich das GPS-Maze-Logo sowie die Flaggen der nordischen L\u00e4nder(D\u00e4nemark, Schweden, Norwegen, Finnland, Gr\u00f6nland, die F\u00e4r\u00f6er, Island, \u00c5land und Spitzbergen). Die Coin ist in folgenden [&hellip;]<\/p>\n","protected":false},"featured_media":3131,"template":"","meta":[],"product_brand":[],"product_cat":[26],"product_tag":[],"class_list":{"0":"post-3090","1":"product","2":"type-product","3":"status-publish","4":"has-post-thumbnail","6":"product_cat-udgaaede-produkter","7":"pa_eget-ikon-ja","8":"pa_finish-copper","9":"pa_kode-prefix-nm","10":"pa_stoerrelse-89x84mm","11":"pa_tykkelse-5mm","12":"pa_vaegt-101g","14":"first","15":"outofstock","16":"taxable","17":"shipping-taxable","18":"product-type-simple"},"tiered_pricing_type":"fixed","tiered_pricing_fixed_rules":[],"tiered_pricing_product_settings":{"layout":"default","base_unit_name":{"singular":null,"plural":null},"default_variation":null},"tiered_pricing_minimum_quantity":null,"tiered_pricing_roles_data":[],"tiered_pricing_percentage_rules":[],"_links":{"self":[{"href":"https:\/\/www.justcoins.dk\/de\/wp-json\/wp\/v2\/product\/3090","targetHints":{"allow":["GET"]}}],"collection":[{"href":"https:\/\/www.justcoins.dk\/de\/wp-json\/wp\/v2\/product"}],"about":[{"href":"https:\/\/www.justcoins.dk\/de\/wp-json\/wp\/v2\/types\/product"}],"wp:featuredmedia":[{"embeddable":true,"href":"https:\/\/www.justcoins.dk\/de\/wp-json\/wp\/v2\/media\/3131"}],"wp:attachment":[{"href":"https:\/\/www.justcoins.dk\/de\/wp-json\/wp\/v2\/media?parent=3090"}],"wp:term":[{"taxonomy":"product_brand","embeddable":true,"href":"https:\/\/www.justcoins.dk\/de\/wp-json\/wp\/v2\/product_brand?post=3090"},{"taxonomy":"product_cat","embeddable":true,"href":"https:\/\/www.justcoins.dk\/de\/wp-json\/wp\/v2\/product_cat?post=3090"},{"taxonomy":"product_tag","embeddable":true,"href":"https:\/\/www.justcoins.dk\/de\/wp-json\/wp\/v2\/product_tag?post=3090"}],"curies":[{"name":"wp","href":"https:\/\/api.w.org\/{rel}","templated":true}]}}