{"id":3087,"date":"2026-05-07T10:39:50","date_gmt":"2026-05-07T08:39:50","guid":{"rendered":"https:\/\/www.justcoins.dk\/?post_type=product&#038;p=3087"},"modified":"2026-05-16T21:09:54","modified_gmt":"2026-05-16T19:09:54","slug":"smukke-danmark-amazing-fyn-2026-sort-nikkel-finish","status":"publish","type":"product","link":"https:\/\/www.justcoins.dk\/de\/product\/smukke-danmark-amazing-fyn-2026-sort-nikkel-finish\/","title":{"rendered":"Sch\u00f6nes D\u00e4nemark \u2013 aMAZing F\u00fcnen 2026 (schwartz nickel finish)"},"content":{"rendered":"<p data-start=\"11\" data-end=\"224\">Die Coin besteht aus einem Mittelteil und einem \u00e4u\u00dferen Ring. Die beiden Teile k\u00f6nnen sich unabh\u00e4ngig voneinander drehen.<\/p>\n<p data-start=\"11\" data-end=\"224\">Das Mittelteil ist in Form von F\u00fcnen gestaltet und zeigt die Wappen der acht Gemeinden.<\/p>\n<p data-start=\"226\" data-end=\"331\">Auf der R\u00fcckseite des Mittelteils befinden sich verschiedene Geocaching-Icons sowie Signal und Tracker.<\/p>\n<p data-start=\"333\" data-end=\"443\">Die Coin ist in folgenden Ausf\u00fchrungen erh\u00e4ltlich: Antik-Silber, Antik-Kupfer, Antik-Gold und Schwarznickel.<br \/>\nDie Coins sind auf der Website des Events erh\u00e4ltlich.<\/p>\n","protected":false},"excerpt":{"rendered":"<p>Die Coin besteht aus einem Mittelteil und einem \u00e4u\u00dferen Ring. Die beiden Teile k\u00f6nnen sich unabh\u00e4ngig voneinander drehen. Das Mittelteil ist in Form von F\u00fcnen gestaltet und zeigt die Wappen der acht Gemeinden. Auf der R\u00fcckseite des Mittelteils befinden sich verschiedene Geocaching-Icons sowie Signal und Tracker. Die Coin ist in folgenden Ausf\u00fchrungen erh\u00e4ltlich: Antik-Silber, Antik-Kupfer, [&hellip;]<\/p>\n","protected":false},"featured_media":3117,"template":"","meta":[],"product_brand":[],"product_cat":[26],"product_tag":[],"class_list":{"0":"post-3087","1":"product","2":"type-product","3":"status-publish","4":"has-post-thumbnail","6":"product_cat-udgaaede-produkter","7":"pa_eget-ikon-ja","8":"pa_finish-black-nickel","9":"pa_kode-prefix-dk","10":"pa_stoerrelse-70x65mm","11":"pa_tykkelse-4mm","13":"first","14":"outofstock","15":"taxable","16":"shipping-taxable","17":"product-type-simple"},"tiered_pricing_type":"fixed","tiered_pricing_fixed_rules":[],"tiered_pricing_product_settings":{"layout":"default","base_unit_name":{"singular":null,"plural":null},"default_variation":null},"tiered_pricing_minimum_quantity":null,"tiered_pricing_roles_data":[],"tiered_pricing_percentage_rules":[],"_links":{"self":[{"href":"https:\/\/www.justcoins.dk\/de\/wp-json\/wp\/v2\/product\/3087","targetHints":{"allow":["GET"]}}],"collection":[{"href":"https:\/\/www.justcoins.dk\/de\/wp-json\/wp\/v2\/product"}],"about":[{"href":"https:\/\/www.justcoins.dk\/de\/wp-json\/wp\/v2\/types\/product"}],"wp:featuredmedia":[{"embeddable":true,"href":"https:\/\/www.justcoins.dk\/de\/wp-json\/wp\/v2\/media\/3117"}],"wp:attachment":[{"href":"https:\/\/www.justcoins.dk\/de\/wp-json\/wp\/v2\/media?parent=3087"}],"wp:term":[{"taxonomy":"product_brand","embeddable":true,"href":"https:\/\/www.justcoins.dk\/de\/wp-json\/wp\/v2\/product_brand?post=3087"},{"taxonomy":"product_cat","embeddable":true,"href":"https:\/\/www.justcoins.dk\/de\/wp-json\/wp\/v2\/product_cat?post=3087"},{"taxonomy":"product_tag","embeddable":true,"href":"https:\/\/www.justcoins.dk\/de\/wp-json\/wp\/v2\/product_tag?post=3087"}],"curies":[{"name":"wp","href":"https:\/\/api.w.org\/{rel}","templated":true}]}}