{"id":2371,"date":"2025-07-12T19:09:12","date_gmt":"2025-07-12T17:09:12","guid":{"rendered":"https:\/\/www.justcoins.dk\/?post_type=product&#038;p=2371"},"modified":"2026-03-10T12:41:08","modified_gmt":"2026-03-10T11:41:08","slug":"schleswig-holstein-tag","status":"publish","type":"product","link":"https:\/\/www.justcoins.dk\/de\/product\/schleswig-holstein-tag\/","title":{"rendered":"Schleswig-Holstein trackable tag"},"content":{"rendered":"<p data-start=\"0\" data-end=\"54\">TB-Tag eine Karte des Bundeslandes Schleswig-Holstein.<\/p>\n<p data-start=\"56\" data-end=\"182\">In der Mitte befindet sich das Landeswappen. Um das Bundesland herum stehen verschiedene St\u00e4dtenamen aus Schleswig-Holstein.<\/p>\n<p data-start=\"184\" data-end=\"299\" data-is-last-node=\"\" data-is-only-node=\"\">Die R\u00fcckseite ist eine generische R\u00fcckseite mit Informationen zu einem Trackable sowie einer gro\u00dfen Trackingnummer.<\/p>\n","protected":false},"excerpt":{"rendered":"<p>TB-Tag eine Karte des Bundeslandes Schleswig-Holstein. In der Mitte befindet sich das Landeswappen. Um das Bundesland herum stehen verschiedene St\u00e4dtenamen aus Schleswig-Holstein. Die R\u00fcckseite ist eine generische R\u00fcckseite mit Informationen zu einem Trackable sowie einer gro\u00dfen Trackingnummer.<\/p>\n","protected":false},"featured_media":2377,"template":"","meta":[],"product_brand":[],"product_cat":[36,35],"product_tag":[],"class_list":{"0":"post-2371","1":"product","2":"type-product","3":"status-publish","4":"has-post-thumbnail","6":"product_cat-forside","7":"product_cat-tags","8":"pa_dia-45mm","9":"pa_eget-ikon-nej","10":"pa_finish-farveprint-epoxy","11":"pa_kode-prefix-de","12":"pa_tykkelse-2mm","13":"pa_vaegt-6g","15":"first","16":"instock","17":"taxable","18":"shipping-taxable","19":"purchasable","20":"product-type-simple"},"tiered_pricing_type":"fixed","tiered_pricing_fixed_rules":[],"tiered_pricing_product_settings":{"layout":"default","base_unit_name":{"singular":null,"plural":null},"default_variation":null},"tiered_pricing_minimum_quantity":null,"tiered_pricing_roles_data":[],"tiered_pricing_percentage_rules":[],"_links":{"self":[{"href":"https:\/\/www.justcoins.dk\/de\/wp-json\/wp\/v2\/product\/2371","targetHints":{"allow":["GET"]}}],"collection":[{"href":"https:\/\/www.justcoins.dk\/de\/wp-json\/wp\/v2\/product"}],"about":[{"href":"https:\/\/www.justcoins.dk\/de\/wp-json\/wp\/v2\/types\/product"}],"wp:featuredmedia":[{"embeddable":true,"href":"https:\/\/www.justcoins.dk\/de\/wp-json\/wp\/v2\/media\/2377"}],"wp:attachment":[{"href":"https:\/\/www.justcoins.dk\/de\/wp-json\/wp\/v2\/media?parent=2371"}],"wp:term":[{"taxonomy":"product_brand","embeddable":true,"href":"https:\/\/www.justcoins.dk\/de\/wp-json\/wp\/v2\/product_brand?post=2371"},{"taxonomy":"product_cat","embeddable":true,"href":"https:\/\/www.justcoins.dk\/de\/wp-json\/wp\/v2\/product_cat?post=2371"},{"taxonomy":"product_tag","embeddable":true,"href":"https:\/\/www.justcoins.dk\/de\/wp-json\/wp\/v2\/product_tag?post=2371"}],"curies":[{"name":"wp","href":"https:\/\/api.w.org\/{rel}","templated":true}]}}