{"id":1999,"date":"2025-06-29T10:55:59","date_gmt":"2025-06-29T08:55:59","guid":{"rendered":"https:\/\/www.justcoins.dk\/?post_type=product&#038;p=1999"},"modified":"2025-10-30T17:46:24","modified_gmt":"2025-10-30T16:46:24","slug":"julehjerte-2024-soelv-finish","status":"publish","type":"product","link":"https:\/\/www.justcoins.dk\/de\/product\/julehjerte-2024-soelv-finish\/","title":{"rendered":"Julehjerte 2024 (s\u00f8lv finish)"},"content":{"rendered":"<p>Det klassiske danske flettede julehjerte findes nu som coin.<\/p>\n<p>Det er i en s\u00f8lvfinish med r\u00f8d og gr\u00e5 farve.<\/p>\n<p>Sammen med coinen f\u00f8lger et r\u00f8dt b\u00e5nd med hvid tekst: &#8222;Gl\u00e6delig geojul 2024&#8220;<\/p>\n","protected":false},"excerpt":{"rendered":"<p>Det klassiske danske flettede julehjerte findes nu som coin. Det er i en s\u00f8lvfinish med r\u00f8d og gr\u00e5 farve. Sammen med coinen f\u00f8lger et r\u00f8dt b\u00e5nd med hvid tekst: &#8222;Gl\u00e6delig geojul 2024&#8220;<\/p>\n","protected":false},"featured_media":420,"template":"","meta":[],"product_brand":[],"product_cat":[26],"product_tag":[],"class_list":{"0":"post-1999","1":"product","2":"type-product","3":"status-publish","4":"has-post-thumbnail","6":"product_cat-udgaaede-produkter","7":"pa_eget-ikon-ja","8":"pa_finish-silver","9":"pa_kode-prefix-dk","10":"pa_stoerrelse-55x60mm","11":"pa_tykkelse-4mm","12":"pa_vaegt-38g","14":"first","15":"outofstock","16":"taxable","17":"shipping-taxable","18":"product-type-simple"},"tiered_pricing_type":"fixed","tiered_pricing_fixed_rules":[],"tiered_pricing_product_settings":{"layout":"default","base_unit_name":{"singular":null,"plural":null},"default_variation":null},"tiered_pricing_minimum_quantity":null,"tiered_pricing_roles_data":[],"tiered_pricing_percentage_rules":[],"_links":{"self":[{"href":"https:\/\/www.justcoins.dk\/de\/wp-json\/wp\/v2\/product\/1999","targetHints":{"allow":["GET"]}}],"collection":[{"href":"https:\/\/www.justcoins.dk\/de\/wp-json\/wp\/v2\/product"}],"about":[{"href":"https:\/\/www.justcoins.dk\/de\/wp-json\/wp\/v2\/types\/product"}],"wp:featuredmedia":[{"embeddable":true,"href":"https:\/\/www.justcoins.dk\/de\/wp-json\/wp\/v2\/media\/420"}],"wp:attachment":[{"href":"https:\/\/www.justcoins.dk\/de\/wp-json\/wp\/v2\/media?parent=1999"}],"wp:term":[{"taxonomy":"product_brand","embeddable":true,"href":"https:\/\/www.justcoins.dk\/de\/wp-json\/wp\/v2\/product_brand?post=1999"},{"taxonomy":"product_cat","embeddable":true,"href":"https:\/\/www.justcoins.dk\/de\/wp-json\/wp\/v2\/product_cat?post=1999"},{"taxonomy":"product_tag","embeddable":true,"href":"https:\/\/www.justcoins.dk\/de\/wp-json\/wp\/v2\/product_tag?post=1999"}],"curies":[{"name":"wp","href":"https:\/\/api.w.org\/{rel}","templated":true}]}}