{"id":1983,"date":"2025-06-29T10:55:54","date_gmt":"2025-06-29T08:55:54","guid":{"rendered":"https:\/\/www.justcoins.dk\/?post_type=product&#038;p=1983"},"modified":"2026-05-16T21:51:45","modified_gmt":"2026-05-16T19:51:45","slug":"pin-guld","status":"publish","type":"product","link":"https:\/\/www.justcoins.dk\/de\/product\/pin-guld\/","title":{"rendered":"Pin &#8222;guld&#8220;"},"content":{"rendered":"<p>En pin med det danske geocachinglogo i farver<\/p>\n<p>Pinen er selvf\u00f8lgelig trackable, omend nummeret er lidt\u00a0sm\u00e5t<\/p>\n<p>Den kan bruges p\u00e5 jakker, tasker, caps, tr\u00f8jer og andre steder hvor der kan laves et lille hul. Vi anbefaler ikke at s\u00e6tte den p\u00e5 regnt\u00f8j eller t\u00f8j med membraner.<\/p>\n<p>Den findes i 4 varianter, guld-, s\u00f8lv-, kobber- og sort nikkelfinish. De 2 sidstn\u00e6vnte er ikke til salg.<\/p>\n","protected":false},"excerpt":{"rendered":"<p>En pin med det danske geocachinglogo i farver Pinen er selvf\u00f8lgelig trackable, omend nummeret er lidt\u00a0sm\u00e5t Den kan bruges p\u00e5 jakker, tasker, caps, tr\u00f8jer og andre steder hvor der kan laves et lille hul. Vi anbefaler ikke at s\u00e6tte den p\u00e5 regnt\u00f8j eller t\u00f8j med membraner. Den findes i 4 varianter, guld-, s\u00f8lv-, kobber- og [&hellip;]<\/p>\n","protected":false},"featured_media":477,"template":"","meta":[],"product_brand":[],"product_cat":[26],"product_tag":[],"class_list":{"0":"post-1983","1":"product","2":"type-product","3":"status-publish","4":"has-post-thumbnail","6":"product_cat-udgaaede-produkter","7":"pa_finish-gold","8":"pa_kode-prefix-dk","9":"pa_stoerrelse-20x20mm","10":"pa_vaegt-5g","12":"first","13":"outofstock","14":"taxable","15":"shipping-taxable","16":"purchasable","17":"product-type-simple"},"tiered_pricing_type":"fixed","tiered_pricing_fixed_rules":[],"tiered_pricing_product_settings":{"layout":"default","base_unit_name":{"singular":null,"plural":null},"default_variation":null},"tiered_pricing_minimum_quantity":null,"tiered_pricing_roles_data":[],"tiered_pricing_percentage_rules":[],"_links":{"self":[{"href":"https:\/\/www.justcoins.dk\/de\/wp-json\/wp\/v2\/product\/1983","targetHints":{"allow":["GET"]}}],"collection":[{"href":"https:\/\/www.justcoins.dk\/de\/wp-json\/wp\/v2\/product"}],"about":[{"href":"https:\/\/www.justcoins.dk\/de\/wp-json\/wp\/v2\/types\/product"}],"wp:featuredmedia":[{"embeddable":true,"href":"https:\/\/www.justcoins.dk\/de\/wp-json\/wp\/v2\/media\/477"}],"wp:attachment":[{"href":"https:\/\/www.justcoins.dk\/de\/wp-json\/wp\/v2\/media?parent=1983"}],"wp:term":[{"taxonomy":"product_brand","embeddable":true,"href":"https:\/\/www.justcoins.dk\/de\/wp-json\/wp\/v2\/product_brand?post=1983"},{"taxonomy":"product_cat","embeddable":true,"href":"https:\/\/www.justcoins.dk\/de\/wp-json\/wp\/v2\/product_cat?post=1983"},{"taxonomy":"product_tag","embeddable":true,"href":"https:\/\/www.justcoins.dk\/de\/wp-json\/wp\/v2\/product_tag?post=1983"}],"curies":[{"name":"wp","href":"https:\/\/api.w.org\/{rel}","templated":true}]}}