{"id":1982,"date":"2025-06-29T10:55:54","date_gmt":"2025-06-29T08:55:54","guid":{"rendered":"https:\/\/www.justcoins.dk\/?post_type=product&#038;p=1982"},"modified":"2026-05-16T21:51:22","modified_gmt":"2026-05-16T19:51:22","slug":"slipsenaal-guld","status":"publish","type":"product","link":"https:\/\/www.justcoins.dk\/de\/product\/slipsenaal-guld\/","title":{"rendered":"Slipsen\u00e5l &#8222;guld&#8220;"},"content":{"rendered":"<p>Nu kan du f\u00e5 en slipsen\u00e5l med det danske geocachinglogo i et eksklusivt design.<\/p>\n<p>Velegnet til julefrokoster, fashioncaching og andre festlige lejligheder<\/p>\n<p>N\u00e5len er selvf\u00f8lgelig trackable<\/p>\n<p>F\u00e5s i 2 varianter, guld- og s\u00f8lvfinish<\/p>\n","protected":false},"excerpt":{"rendered":"<p>Nu kan du f\u00e5 en slipsen\u00e5l med det danske geocachinglogo i et eksklusivt design. Velegnet til julefrokoster, fashioncaching og andre festlige lejligheder N\u00e5len er selvf\u00f8lgelig trackable F\u00e5s i 2 varianter, guld- og s\u00f8lvfinish<\/p>\n","protected":false},"featured_media":528,"template":"","meta":[],"product_brand":[],"product_cat":[15],"product_tag":[],"class_list":{"0":"post-1982","1":"product","2":"type-product","3":"status-publish","4":"has-post-thumbnail","6":"product_cat-shop","7":"pa_eget-ikon-nej","8":"pa_finish-gold","9":"pa_kode-prefix-dk","10":"pa_vaegt-11g","12":"first","13":"instock","14":"taxable","15":"shipping-taxable","16":"purchasable","17":"product-type-simple"},"tiered_pricing_type":"fixed","tiered_pricing_fixed_rules":[],"tiered_pricing_product_settings":{"layout":"default","base_unit_name":{"singular":null,"plural":null},"default_variation":null},"tiered_pricing_minimum_quantity":null,"tiered_pricing_roles_data":[],"tiered_pricing_percentage_rules":[],"_links":{"self":[{"href":"https:\/\/www.justcoins.dk\/de\/wp-json\/wp\/v2\/product\/1982","targetHints":{"allow":["GET"]}}],"collection":[{"href":"https:\/\/www.justcoins.dk\/de\/wp-json\/wp\/v2\/product"}],"about":[{"href":"https:\/\/www.justcoins.dk\/de\/wp-json\/wp\/v2\/types\/product"}],"wp:featuredmedia":[{"embeddable":true,"href":"https:\/\/www.justcoins.dk\/de\/wp-json\/wp\/v2\/media\/528"}],"wp:attachment":[{"href":"https:\/\/www.justcoins.dk\/de\/wp-json\/wp\/v2\/media?parent=1982"}],"wp:term":[{"taxonomy":"product_brand","embeddable":true,"href":"https:\/\/www.justcoins.dk\/de\/wp-json\/wp\/v2\/product_brand?post=1982"},{"taxonomy":"product_cat","embeddable":true,"href":"https:\/\/www.justcoins.dk\/de\/wp-json\/wp\/v2\/product_cat?post=1982"},{"taxonomy":"product_tag","embeddable":true,"href":"https:\/\/www.justcoins.dk\/de\/wp-json\/wp\/v2\/product_tag?post=1982"}],"curies":[{"name":"wp","href":"https:\/\/api.w.org\/{rel}","templated":true}]}}