{"id":1945,"date":"2025-06-29T10:55:50","date_gmt":"2025-06-29T08:55:50","guid":{"rendered":"https:\/\/www.justcoins.dk\/?post_type=product&#038;p=1945"},"modified":"2025-07-09T21:16:01","modified_gmt":"2025-07-09T19:16:01","slug":"kippers-satin-nikkel","status":"publish","type":"product","link":"https:\/\/www.justcoins.dk\/de\/product\/kippers-satin-nikkel\/","title":{"rendered":"Kippers satin &#8222;nikkel&#8220;"},"content":{"rendered":"<p>Denne coin er produceret til 15 \u00e5rs jubil\u00e6et for den f\u00f8rste danske geocache &#8222;Kippers in the Jungle&#8220; (GC6A)<\/p>\n<p>Coinen er udformet som en d\u00e5se kippers og der er p\u00e5monteret en &#8222;\u00e5bne-clips&#8220; som p\u00e5 de rigtige kippersd\u00e5ser.<\/p>\n<p>Den indeholder desuden det danske geocachinglogo samt teksten &#8222;15 \u00e5r med geocaching i Danmark 30. september 2000\u00a0Kippers in the Jungle GC6A&#8220;. Der er hvid emalje p\u00e5 forside.<\/p>\n<p>P\u00e5 bagsiden er der lasergraveret teksten &#8222;Produceret den 30\/9-2000&#8220; et trackingnummer samt &#8222;Trackable at geocaching.com&#8220; alt i en dot-matrix skrifttype og trackingnummeret er stort og l\u00e6sbart.<\/p>\n<p>Coinen er produceret i 2 varianter, satin &#8222;nikkel&#8220; og sort &#8222;nikkel&#8220;<\/p>\n","protected":false},"excerpt":{"rendered":"<p>Denne coin er produceret til 15 \u00e5rs jubil\u00e6et for den f\u00f8rste danske geocache &#8222;Kippers in the Jungle&#8220; (GC6A) Coinen er udformet som en d\u00e5se kippers og der er p\u00e5monteret en &#8222;\u00e5bne-clips&#8220; som p\u00e5 de rigtige kippersd\u00e5ser. Den indeholder desuden det danske geocachinglogo samt teksten &#8222;15 \u00e5r med geocaching i Danmark 30. september 2000\u00a0Kippers in the [&hellip;]<\/p>\n","protected":false},"featured_media":461,"template":"","meta":[],"product_brand":[],"product_cat":[26],"product_tag":[],"class_list":{"0":"post-1945","1":"product","2":"type-product","3":"status-publish","4":"has-post-thumbnail","6":"product_cat-udgaaede-produkter","8":"first","9":"outofstock","10":"taxable","11":"shipping-taxable","12":"product-type-simple"},"tiered_pricing_type":"fixed","tiered_pricing_fixed_rules":[],"tiered_pricing_product_settings":{"layout":"default","base_unit_name":{"singular":null,"plural":null},"default_variation":null},"tiered_pricing_minimum_quantity":null,"tiered_pricing_roles_data":[],"tiered_pricing_percentage_rules":[],"_links":{"self":[{"href":"https:\/\/www.justcoins.dk\/de\/wp-json\/wp\/v2\/product\/1945","targetHints":{"allow":["GET"]}}],"collection":[{"href":"https:\/\/www.justcoins.dk\/de\/wp-json\/wp\/v2\/product"}],"about":[{"href":"https:\/\/www.justcoins.dk\/de\/wp-json\/wp\/v2\/types\/product"}],"wp:featuredmedia":[{"embeddable":true,"href":"https:\/\/www.justcoins.dk\/de\/wp-json\/wp\/v2\/media\/461"}],"wp:attachment":[{"href":"https:\/\/www.justcoins.dk\/de\/wp-json\/wp\/v2\/media?parent=1945"}],"wp:term":[{"taxonomy":"product_brand","embeddable":true,"href":"https:\/\/www.justcoins.dk\/de\/wp-json\/wp\/v2\/product_brand?post=1945"},{"taxonomy":"product_cat","embeddable":true,"href":"https:\/\/www.justcoins.dk\/de\/wp-json\/wp\/v2\/product_cat?post=1945"},{"taxonomy":"product_tag","embeddable":true,"href":"https:\/\/www.justcoins.dk\/de\/wp-json\/wp\/v2\/product_tag?post=1945"}],"curies":[{"name":"wp","href":"https:\/\/api.w.org\/{rel}","templated":true}]}}