{"id":1941,"date":"2025-06-29T10:55:50","date_gmt":"2025-06-29T08:55:50","guid":{"rendered":"https:\/\/www.justcoins.dk\/?post_type=product&#038;p=1941"},"modified":"2026-05-16T21:54:20","modified_gmt":"2026-05-16T19:54:20","slug":"marmorkirken-soelv","status":"publish","type":"product","link":"https:\/\/www.justcoins.dk\/de\/product\/marmorkirken-soelv\/","title":{"rendered":"Marmorkirken &#8222;s\u00f8lv&#8220;"},"content":{"rendered":"<p>Denne m\u00f8nt er fremstillet af de 3 k\u00f8benhavnske teams Schuleit, Picht og Elmbaek, i samarbejde med den fremragende amerikanske m\u00f8ntkunstner Crake. Denne m\u00f8nt er nr. 2 i serien med ber\u00f8mte bygninger i K\u00f8benhavn. Forsiden viser en af de mest kendte bygninger i K\u00f8benhavn, Marmorkirken, f\u00e6rdigbygget i 1894. De n\u00f8jagtige koordinater p\u00e5 centrum af kuplen st\u00e5r ogs\u00e5 p\u00e5 m\u00f8nten.<\/p>\n<p>Bagsiden er en konstrueret k\u00f8benhavnsk skyline, som viser et udvalg af de mest ber\u00f8mte k\u00f8benhavnske bygninger, nemlig fra venstre mod h\u00f8jre: Marmorkirken, K\u00f8benhavns R\u00e5dhus, Rundet\u00e5rn, B\u00f8rsens dragespir, Vor Frelser Kirkes t\u00e5rn med den enest\u00e5ende udvendige trappe, og Vor Frue Kirke. Der er s\u00e5ledes lagt op til at serien af m\u00f8nter med denne f\u00e6lles bagside, og de omtalte bygninger p\u00e5 forsiden, forts\u00e6ttes. Tiden vil vise hvor mange af disse potentielle m\u00f8nter der realiseres.<\/p>\n<p>De tre teams har f\u00f8lgende beskrivelse af m\u00f8nten p\u00e5 deres hjemmeside <a href=\"http:\/\/www.copenhagencoin.dk\">www.copenhagencoin.dk<\/a> (gengivet her med tilladelse):<\/p>\n<p>*************************************************<\/p>\n<p>Marmorkirken \u2013 ogs\u00e5 kaldet Frederikskirken \u2013 blev indviet i 1894. Men kirkens grundsten var allerede blevet lagt i 1749, da Frederik V anlagde Frederiksstaden. En gigantisk centralkirke skulle rejse sig over den nye bydels pal\u00e6er og borgerhuse som en kongekirke i t\u00e6t forbindelse med Amalienborg slotskompleks. P\u00e5 det tidspunkt planlagde bydelens arkitekt Niels Eigtved at bygge en rokokokirke i norsk marmor. Derfor kaldes den i dag for Marmorkirken, selvom det kun er den underste del som er marmor. Da han d\u00f8de i 1754 overgik projektet f\u00f8rst til Lauritz de Thurah og derefter i 1756 til franskmanden Nicolas Henri Jardin. Han \u00e6ndrede planerne til en klassicistisk kirke i marmor, der blev s\u00e5 dyr, at J.F. Struensee i 1770 stoppede byggeriet.<\/p>\n<p>I hen ved 100 \u00e5r l\u00e5 den op til 19 meter h\u00f8je bygning hen som en halvf\u00e6rdig ruin og i mellemtiden \u2013 i 1849 \u2013 afl\u00f8ste folkestyret det enev\u00e6ldige konged\u00f8mme i Danmark. Med hvad den enev\u00e6ldige kongemagt ikke havde form\u00e5et, gennemf\u00f8rte finans- og industrimanden C. F. Tietgen. Han k\u00f8bte ruinen af Finansministeriet i 1874 med forpligtelse til at fuldf\u00f8re kirken, og i 1894 kunne den indvies.<\/p>\n<p>Arkitekten var Ferdinand Meldahl, der kombinerede de best\u00e5ende mure med en kuppelbygning i romersk barokstil st\u00e6rkt inspireret af Peterskirken s\u00e6rligt kuplerne ligner hinanden meget. Af \u00f8konomiske grunde m\u00e5tte man opgive at fuldf\u00f8re bygningen i norsk marmor, hvorefter \u00f8lands- og faksekalksten anvendtes i stedet. Ogs\u00e5 indvendigt m\u00e5tte man g\u00e5 \u00f8konomisk frem med brug af stuk og malede dekorationer. Alligevel lykkedes det at skabe en imponerende helst\u00f8bt bygning, hvis st\u00f8rste aktiv er den m\u00e6gtige kuppel p\u00e5 30 meter i indre diameter. Kuplen, som d\u00e6kkedes med kobber, blev rejst over en s\u00f8jlesmykket tambur, et arrangement helt efter forbilleder i Roms barok. For at skaffe midler til den kostbare tagd\u00e6kning indsamlede man kobbert\u00f8j og pengegaver, mens korset \u00f8verst p\u00e5 kuplen sk\u00e6nkedes Tietgen af hans medarbejdere. Det afsl\u00f8redes 1883 p\u00e5 Grundtvigs hundred\u00e5rsdag 8. september.<\/p>\n<p>Fra Tietgens side var kirken ikke blot t\u00e6nkt som et folkeminde til kongehuset, men ogs\u00e5 som et monument for N.F.S. Grundtvig og grundtvigianismen. En statue af Grundtvig blev derfor rejst med den fornemmeste placering ved hovedindgangen med selveste den danske kirkes grundl\u00e6gger, Ansgar, som st\u00e5r ved den anden side af hovedindgangen. Derudover er hele kirken omgivet af statuer af personer fra Bibelen og den danske og internationale kirkehistorie.<\/p>\n<p>Interessante er de kolossale og forvitrede marmorkapit\u00e6ler, som kommer til syne i gr\u00e6sset bag bygningens indhegning. De er et levn fra 1700-tallets byggeplads og viser, hvilket storsl\u00e5et bygningsv\u00e6rk, man havde t\u00e6nkt<\/p>\n<p>Det er planlagt at metroselskabet skal bygge en station ved Marmorkirken.<\/p>\n<p>*************************************************<\/p>\n<p>M\u00f8nten leveres i det s\u00e6dvanlige s\u00e5kaldte \u201cbifold flip\u201d vinyletui med den s\u00e6dvanlige indl\u00e6gsseddel fra Crake Productions.<\/p>\n<p>Coinen er lavet i &#8222;guld&#8220;, &#8222;s\u00f8lv&#8220; og &#8222;kobber&#8220;<\/p>\n","protected":false},"excerpt":{"rendered":"<p>Denne m\u00f8nt er fremstillet af de 3 k\u00f8benhavnske teams Schuleit, Picht og Elmbaek, i samarbejde med den fremragende amerikanske m\u00f8ntkunstner Crake. Denne m\u00f8nt er nr. 2 i serien med ber\u00f8mte bygninger i K\u00f8benhavn. Forsiden viser en af de mest kendte bygninger i K\u00f8benhavn, Marmorkirken, f\u00e6rdigbygget i 1894. De n\u00f8jagtige koordinater p\u00e5 centrum af kuplen st\u00e5r [&hellip;]<\/p>\n","protected":false},"featured_media":282,"template":"","meta":[],"product_brand":[],"product_cat":[15],"product_tag":[],"class_list":{"0":"post-1941","1":"product","2":"type-product","3":"status-publish","4":"has-post-thumbnail","6":"product_cat-shop","7":"pa_dia-45mm","8":"pa_eget-ikon-ja","9":"pa_finish-silver","10":"pa_kode-prefix-dk","11":"pa_tykkelse-4mm","12":"pa_vaegt-42g","14":"first","15":"instock","16":"taxable","17":"shipping-taxable","18":"purchasable","19":"product-type-simple"},"tiered_pricing_type":"fixed","tiered_pricing_fixed_rules":[],"tiered_pricing_product_settings":{"layout":"default","base_unit_name":{"singular":null,"plural":null},"default_variation":null},"tiered_pricing_minimum_quantity":null,"tiered_pricing_roles_data":[],"tiered_pricing_percentage_rules":[],"_links":{"self":[{"href":"https:\/\/www.justcoins.dk\/de\/wp-json\/wp\/v2\/product\/1941","targetHints":{"allow":["GET"]}}],"collection":[{"href":"https:\/\/www.justcoins.dk\/de\/wp-json\/wp\/v2\/product"}],"about":[{"href":"https:\/\/www.justcoins.dk\/de\/wp-json\/wp\/v2\/types\/product"}],"wp:featuredmedia":[{"embeddable":true,"href":"https:\/\/www.justcoins.dk\/de\/wp-json\/wp\/v2\/media\/282"}],"wp:attachment":[{"href":"https:\/\/www.justcoins.dk\/de\/wp-json\/wp\/v2\/media?parent=1941"}],"wp:term":[{"taxonomy":"product_brand","embeddable":true,"href":"https:\/\/www.justcoins.dk\/de\/wp-json\/wp\/v2\/product_brand?post=1941"},{"taxonomy":"product_cat","embeddable":true,"href":"https:\/\/www.justcoins.dk\/de\/wp-json\/wp\/v2\/product_cat?post=1941"},{"taxonomy":"product_tag","embeddable":true,"href":"https:\/\/www.justcoins.dk\/de\/wp-json\/wp\/v2\/product_tag?post=1941"}],"curies":[{"name":"wp","href":"https:\/\/api.w.org\/{rel}","templated":true}]}}